{"id":2906,"date":"2022-12-09T17:39:18","date_gmt":"2022-12-09T17:39:18","guid":{"rendered":"https:\/\/cesarrodrigues.com\/?page_id=2906"},"modified":"2026-04-20T22:15:31","modified_gmt":"2026-04-20T22:15:31","slug":"cesar-rodrigues-designer","status":"publish","type":"page","link":"https:\/\/cesarrodrigues.com\/en\/","title":{"rendered":"C\u00e9sar Rodrigues \u2013 Designer"},"content":{"rendered":"<div data-elementor-type=\"wp-page\" data-elementor-id=\"2906\" class=\"elementor elementor-2906\">\n\t\t\t\t\t\t<section class=\"elementor-section elementor-top-section elementor-element elementor-element-e7f2f47 elementor-section-content-middle elementor-section-stretched elementor-section-boxed elementor-section-height-default elementor-section-height-default\" data-id=\"e7f2f47\" data-element_type=\"section\" data-e-type=\"section\" data-settings=\"{&quot;stretch_section&quot;:&quot;section-stretched&quot;}\">\n\t\t\t\t\t\t<div class=\"elementor-container elementor-column-gap-no\">\n\t\t\t\t\t<div class=\"elementor-column elementor-col-50 elementor-top-column elementor-element elementor-element-8e837d8\" data-id=\"8e837d8\" data-element_type=\"column\" data-e-type=\"column\">\n\t\t\t<div class=\"elementor-widget-wrap elementor-element-populated\">\n\t\t\t\t\t\t<div class=\"elementor-element elementor-element-fb360f2 elementor-widget elementor-widget-heading\" data-id=\"fb360f2\" data-element_type=\"widget\" data-e-type=\"widget\" data-widget_type=\"heading.default\">\n\t\t\t\t<div class=\"elementor-widget-container\">\n\t\t\t\t\t<h1 class=\"elementor-heading-title elementor-size-default\">Designing visual identities and digital experiences that reflect the essence of innovative brands.\u200b<\/h1>\t\t\t\t<\/div>\n\t\t\t\t<\/div>\n\t\t\t\t\t<\/div>\n\t\t<\/div>\n\t\t\t\t<div class=\"elementor-column elementor-col-50 elementor-top-column elementor-element elementor-element-3c59dc9\" data-id=\"3c59dc9\" data-element_type=\"column\" data-e-type=\"column\">\n\t\t\t<div class=\"elementor-widget-wrap\">\n\t\t\t\t\t\t\t<\/div>\n\t\t<\/div>\n\t\t\t\t\t<\/div>\n\t\t<\/section>\n\t\t\t\t<section class=\"elementor-section elementor-top-section elementor-element elementor-element-2e55f0c elementor-section-stretched elementor-section-boxed elementor-section-height-default elementor-section-height-default\" data-id=\"2e55f0c\" data-element_type=\"section\" data-e-type=\"section\" data-settings=\"{&quot;stretch_section&quot;:&quot;section-stretched&quot;}\">\n\t\t\t\t\t\t<div class=\"elementor-container elementor-column-gap-custom\">\n\t\t\t\t\t<div class=\"elementor-column elementor-col-50 elementor-top-column elementor-element elementor-element-434706e\" data-id=\"434706e\" data-element_type=\"column\" data-e-type=\"column\">\n\t\t\t<div class=\"elementor-widget-wrap elementor-element-populated\">\n\t\t\t\t\t\t<div class=\"elementor-element elementor-element-c2babec elementor-widget elementor-widget-image\" data-id=\"c2babec\" data-element_type=\"widget\" data-e-type=\"widget\" data-widget_type=\"image.default\">\n\t\t\t\t<div class=\"elementor-widget-container\">\n\t\t\t\t\t\t\t\t\t\t\t\t\t\t\t\t<a href=\"https:\/\/cesarrodrigues.com\/en\/portfolio\/radio-macau-tour-2026\/\">\n\t\t\t\t\t\t\t<img loading=\"lazy\" decoding=\"async\" width=\"1024\" height=\"683\" src=\"https:\/\/i0.wp.com\/cesarrodrigues.com\/wp-content\/uploads\/2026\/04\/cesar_rodrigues_design_radio_macau_tour_2026_logo_design.jpg?fit=1024%2C683&amp;ssl=1\" class=\"attachment-large size-large wp-image-5457\" alt=\"cesar_rodrigues_design_radio_macau_tour_2026_logo_design\" srcset=\"https:\/\/i0.wp.com\/cesarrodrigues.com\/wp-content\/uploads\/2026\/04\/cesar_rodrigues_design_radio_macau_tour_2026_logo_design.jpg?w=1920&amp;ssl=1 1920w, https:\/\/i0.wp.com\/cesarrodrigues.com\/wp-content\/uploads\/2026\/04\/cesar_rodrigues_design_radio_macau_tour_2026_logo_design.jpg?resize=300%2C200&amp;ssl=1 300w, https:\/\/i0.wp.com\/cesarrodrigues.com\/wp-content\/uploads\/2026\/04\/cesar_rodrigues_design_radio_macau_tour_2026_logo_design.jpg?resize=1024%2C683&amp;ssl=1 1024w, https:\/\/i0.wp.com\/cesarrodrigues.com\/wp-content\/uploads\/2026\/04\/cesar_rodrigues_design_radio_macau_tour_2026_logo_design.jpg?resize=768%2C512&amp;ssl=1 768w, https:\/\/i0.wp.com\/cesarrodrigues.com\/wp-content\/uploads\/2026\/04\/cesar_rodrigues_design_radio_macau_tour_2026_logo_design.jpg?resize=1536%2C1024&amp;ssl=1 1536w, https:\/\/i0.wp.com\/cesarrodrigues.com\/wp-content\/uploads\/2026\/04\/cesar_rodrigues_design_radio_macau_tour_2026_logo_design.jpg?resize=18%2C12&amp;ssl=1 18w\" sizes=\"auto, (max-width: 1000px) 100vw, 1000px\" \/>\t\t\t\t\t\t\t\t<\/a>\n\t\t\t\t\t\t\t\t\t\t\t\t\t\t\t<\/div>\n\t\t\t\t<\/div>\n\t\t\t\t<div class=\"elementor-element elementor-element-1c67113 elementor-widget elementor-widget-heading\" data-id=\"1c67113\" data-element_type=\"widget\" data-e-type=\"widget\" data-widget_type=\"heading.default\">\n\t\t\t\t<div class=\"elementor-widget-container\">\n\t\t\t\t\t<h3 class=\"elementor-heading-title elementor-size-default\"><a href=\"https:\/\/cesarrodrigues.com\/en\/portfolio\/radio-macau-tour-2026\/\">R\u00c1DIO MACAU TOUR 2026<\/a><\/h3>\t\t\t\t<\/div>\n\t\t\t\t<\/div>\n\t\t\t\t<div class=\"elementor-element elementor-element-c49d8e3 elementor-widget elementor-widget-heading\" data-id=\"c49d8e3\" data-element_type=\"widget\" data-e-type=\"widget\" data-widget_type=\"heading.default\">\n\t\t\t\t<div class=\"elementor-widget-container\">\n\t\t\t\t\t<h6 class=\"elementor-heading-title elementor-size-default\">VISUAL IDENTITY, LOGO DESIGN<\/h6>\t\t\t\t<\/div>\n\t\t\t\t<\/div>\n\t\t\t\t\t<\/div>\n\t\t<\/div>\n\t\t\t\t<div class=\"elementor-column elementor-col-50 elementor-top-column elementor-element elementor-element-a94fa0f\" data-id=\"a94fa0f\" data-element_type=\"column\" data-e-type=\"column\">\n\t\t\t<div class=\"elementor-widget-wrap elementor-element-populated\">\n\t\t\t\t\t\t<div class=\"elementor-element elementor-element-24f6b57 elementor-widget elementor-widget-image\" data-id=\"24f6b57\" data-element_type=\"widget\" data-e-type=\"widget\" data-widget_type=\"image.default\">\n\t\t\t\t<div class=\"elementor-widget-container\">\n\t\t\t\t\t\t\t\t\t\t\t\t\t\t\t\t<a href=\"https:\/\/cesarrodrigues.com\/en\/portfolio\/jardins-do-bombarda\/\">\n\t\t\t\t\t\t\t<img loading=\"lazy\" decoding=\"async\" width=\"1024\" height=\"679\" src=\"https:\/\/i0.wp.com\/cesarrodrigues.com\/wp-content\/uploads\/2024\/06\/jardins_bombarda_cesar_rodrigues_design_cover_1.jpg?fit=1024%2C679&amp;ssl=1\" class=\"attachment-large size-large wp-image-4580\" alt=\"jardins_bombarda_cesar_rodrigues_design_cover_1\" srcset=\"https:\/\/i0.wp.com\/cesarrodrigues.com\/wp-content\/uploads\/2024\/06\/jardins_bombarda_cesar_rodrigues_design_cover_1.jpg?w=1920&amp;ssl=1 1920w, https:\/\/i0.wp.com\/cesarrodrigues.com\/wp-content\/uploads\/2024\/06\/jardins_bombarda_cesar_rodrigues_design_cover_1.jpg?resize=300%2C199&amp;ssl=1 300w, https:\/\/i0.wp.com\/cesarrodrigues.com\/wp-content\/uploads\/2024\/06\/jardins_bombarda_cesar_rodrigues_design_cover_1.jpg?resize=1024%2C679&amp;ssl=1 1024w, https:\/\/i0.wp.com\/cesarrodrigues.com\/wp-content\/uploads\/2024\/06\/jardins_bombarda_cesar_rodrigues_design_cover_1.jpg?resize=768%2C509&amp;ssl=1 768w, https:\/\/i0.wp.com\/cesarrodrigues.com\/wp-content\/uploads\/2024\/06\/jardins_bombarda_cesar_rodrigues_design_cover_1.jpg?resize=1536%2C1018&amp;ssl=1 1536w, https:\/\/i0.wp.com\/cesarrodrigues.com\/wp-content\/uploads\/2024\/06\/jardins_bombarda_cesar_rodrigues_design_cover_1.jpg?resize=18%2C12&amp;ssl=1 18w\" sizes=\"auto, (max-width: 1000px) 100vw, 1000px\" \/>\t\t\t\t\t\t\t\t<\/a>\n\t\t\t\t\t\t\t\t\t\t\t\t\t\t\t<\/div>\n\t\t\t\t<\/div>\n\t\t\t\t<div class=\"elementor-element elementor-element-220df95 elementor-widget elementor-widget-heading\" data-id=\"220df95\" data-element_type=\"widget\" data-e-type=\"widget\" data-widget_type=\"heading.default\">\n\t\t\t\t<div class=\"elementor-widget-container\">\n\t\t\t\t\t<h3 class=\"elementor-heading-title elementor-size-default\"><a href=\"https:\/\/cesarrodrigues.com\/en\/portfolio\/jardins-do-bombarda\/\">JARDINS DO BOMBARDA<\/a><\/h3>\t\t\t\t<\/div>\n\t\t\t\t<\/div>\n\t\t\t\t<div class=\"elementor-element elementor-element-bc07457 elementor-widget elementor-widget-heading\" data-id=\"bc07457\" data-element_type=\"widget\" data-e-type=\"widget\" data-widget_type=\"heading.default\">\n\t\t\t\t<div class=\"elementor-widget-container\">\n\t\t\t\t\t<h6 class=\"elementor-heading-title elementor-size-default\">VISUAL IDENTITY, LOGO DESIGN<\/h6>\t\t\t\t<\/div>\n\t\t\t\t<\/div>\n\t\t\t\t\t<\/div>\n\t\t<\/div>\n\t\t\t\t\t<\/div>\n\t\t<\/section>\n\t\t\t\t<section class=\"elementor-section elementor-top-section elementor-element elementor-element-2f872e0 elementor-section-stretched elementor-section-boxed elementor-section-height-default elementor-section-height-default\" data-id=\"2f872e0\" data-element_type=\"section\" data-e-type=\"section\" data-settings=\"{&quot;stretch_section&quot;:&quot;section-stretched&quot;}\">\n\t\t\t\t\t\t<div class=\"elementor-container elementor-column-gap-custom\">\n\t\t\t\t\t<div class=\"elementor-column elementor-col-50 elementor-top-column elementor-element elementor-element-f919943\" data-id=\"f919943\" data-element_type=\"column\" data-e-type=\"column\">\n\t\t\t<div class=\"elementor-widget-wrap elementor-element-populated\">\n\t\t\t\t\t\t<div class=\"elementor-element elementor-element-d59e0e8 elementor-widget elementor-widget-image\" data-id=\"d59e0e8\" data-element_type=\"widget\" data-e-type=\"widget\" data-widget_type=\"image.default\">\n\t\t\t\t<div class=\"elementor-widget-container\">\n\t\t\t\t\t\t\t\t\t\t\t\t\t\t\t\t<a href=\"https:\/\/cesarrodrigues.com\/en\/portfolio\/projecto-global\/\">\n\t\t\t\t\t\t\t<img loading=\"lazy\" decoding=\"async\" width=\"768\" height=\"512\" src=\"https:\/\/i0.wp.com\/cesarrodrigues.com\/wp-content\/uploads\/2026\/04\/cesar_rodrigues_design_projecto_global_logotipo_principal.jpg?fit=768%2C512&amp;ssl=1\" class=\"attachment-medium_large size-medium_large wp-image-5488\" alt=\"cesar_rodrigues_design_projecto_global_logotipo_principal\" srcset=\"https:\/\/i0.wp.com\/cesarrodrigues.com\/wp-content\/uploads\/2026\/04\/cesar_rodrigues_design_projecto_global_logotipo_principal.jpg?w=1920&amp;ssl=1 1920w, https:\/\/i0.wp.com\/cesarrodrigues.com\/wp-content\/uploads\/2026\/04\/cesar_rodrigues_design_projecto_global_logotipo_principal.jpg?resize=300%2C200&amp;ssl=1 300w, https:\/\/i0.wp.com\/cesarrodrigues.com\/wp-content\/uploads\/2026\/04\/cesar_rodrigues_design_projecto_global_logotipo_principal.jpg?resize=1024%2C683&amp;ssl=1 1024w, https:\/\/i0.wp.com\/cesarrodrigues.com\/wp-content\/uploads\/2026\/04\/cesar_rodrigues_design_projecto_global_logotipo_principal.jpg?resize=768%2C512&amp;ssl=1 768w, https:\/\/i0.wp.com\/cesarrodrigues.com\/wp-content\/uploads\/2026\/04\/cesar_rodrigues_design_projecto_global_logotipo_principal.jpg?resize=1536%2C1024&amp;ssl=1 1536w, https:\/\/i0.wp.com\/cesarrodrigues.com\/wp-content\/uploads\/2026\/04\/cesar_rodrigues_design_projecto_global_logotipo_principal.jpg?resize=18%2C12&amp;ssl=1 18w\" sizes=\"auto, (max-width: 768px) 100vw, 768px\" \/>\t\t\t\t\t\t\t\t<\/a>\n\t\t\t\t\t\t\t\t\t\t\t\t\t\t\t<\/div>\n\t\t\t\t<\/div>\n\t\t\t\t<div class=\"elementor-element elementor-element-68a9da8 elementor-widget elementor-widget-heading\" data-id=\"68a9da8\" data-element_type=\"widget\" data-e-type=\"widget\" data-widget_type=\"heading.default\">\n\t\t\t\t<div class=\"elementor-widget-container\">\n\t\t\t\t\t<h3 class=\"elementor-heading-title elementor-size-default\"><a href=\"https:\/\/cesarrodrigues.com\/en\/portfolio\/projecto-global\/\">PROJECTO GLOBAL<\/a><\/h3>\t\t\t\t<\/div>\n\t\t\t\t<\/div>\n\t\t\t\t<div class=\"elementor-element elementor-element-c75bb6f elementor-widget elementor-widget-heading\" data-id=\"c75bb6f\" data-element_type=\"widget\" data-e-type=\"widget\" data-widget_type=\"heading.default\">\n\t\t\t\t<div class=\"elementor-widget-container\">\n\t\t\t\t\t<h6 class=\"elementor-heading-title elementor-size-default\">TITLE DESIGN, FILM GRAPHICS<\/h6>\t\t\t\t<\/div>\n\t\t\t\t<\/div>\n\t\t\t\t\t<\/div>\n\t\t<\/div>\n\t\t\t\t<div class=\"elementor-column elementor-col-50 elementor-top-column elementor-element elementor-element-5e40585\" data-id=\"5e40585\" data-element_type=\"column\" data-e-type=\"column\">\n\t\t\t<div class=\"elementor-widget-wrap elementor-element-populated\">\n\t\t\t\t\t\t<div class=\"elementor-element elementor-element-626052d elementor-widget elementor-widget-image\" data-id=\"626052d\" data-element_type=\"widget\" data-e-type=\"widget\" data-widget_type=\"image.default\">\n\t\t\t\t<div class=\"elementor-widget-container\">\n\t\t\t\t\t\t\t\t\t\t\t\t\t\t\t\t<a href=\"https:\/\/cesarrodrigues.com\/en\/portfolio\/arca\/\">\n\t\t\t\t\t\t\t<img loading=\"lazy\" decoding=\"async\" width=\"1024\" height=\"679\" src=\"https:\/\/i0.wp.com\/cesarrodrigues.com\/wp-content\/uploads\/2026\/01\/cesar_rodrigues_design_arca_cover_project_3_1.jpg?fit=1024%2C679&amp;ssl=1\" class=\"attachment-large size-large wp-image-5380\" alt=\"cesar_rodrigues_design_arca_logo\" srcset=\"https:\/\/i0.wp.com\/cesarrodrigues.com\/wp-content\/uploads\/2026\/01\/cesar_rodrigues_design_arca_cover_project_3_1.jpg?w=1920&amp;ssl=1 1920w, https:\/\/i0.wp.com\/cesarrodrigues.com\/wp-content\/uploads\/2026\/01\/cesar_rodrigues_design_arca_cover_project_3_1.jpg?resize=300%2C199&amp;ssl=1 300w, https:\/\/i0.wp.com\/cesarrodrigues.com\/wp-content\/uploads\/2026\/01\/cesar_rodrigues_design_arca_cover_project_3_1.jpg?resize=1024%2C679&amp;ssl=1 1024w, https:\/\/i0.wp.com\/cesarrodrigues.com\/wp-content\/uploads\/2026\/01\/cesar_rodrigues_design_arca_cover_project_3_1.jpg?resize=768%2C509&amp;ssl=1 768w, https:\/\/i0.wp.com\/cesarrodrigues.com\/wp-content\/uploads\/2026\/01\/cesar_rodrigues_design_arca_cover_project_3_1.jpg?resize=1536%2C1018&amp;ssl=1 1536w, https:\/\/i0.wp.com\/cesarrodrigues.com\/wp-content\/uploads\/2026\/01\/cesar_rodrigues_design_arca_cover_project_3_1.jpg?resize=18%2C12&amp;ssl=1 18w\" sizes=\"auto, (max-width: 1000px) 100vw, 1000px\" \/>\t\t\t\t\t\t\t\t<\/a>\n\t\t\t\t\t\t\t\t\t\t\t\t\t\t\t<\/div>\n\t\t\t\t<\/div>\n\t\t\t\t<div class=\"elementor-element elementor-element-f0675a5 elementor-widget elementor-widget-heading\" data-id=\"f0675a5\" data-element_type=\"widget\" data-e-type=\"widget\" data-widget_type=\"heading.default\">\n\t\t\t\t<div class=\"elementor-widget-container\">\n\t\t\t\t\t<h3 class=\"elementor-heading-title elementor-size-default\"><a href=\"https:\/\/cesarrodrigues.com\/en\/portfolio\/arca\/\">ARCA<\/a><\/h3>\t\t\t\t<\/div>\n\t\t\t\t<\/div>\n\t\t\t\t<div class=\"elementor-element elementor-element-209b8bb elementor-widget elementor-widget-heading\" data-id=\"209b8bb\" data-element_type=\"widget\" data-e-type=\"widget\" data-widget_type=\"heading.default\">\n\t\t\t\t<div class=\"elementor-widget-container\">\n\t\t\t\t\t<h6 class=\"elementor-heading-title elementor-size-default\">VISUAL IDENTITY, LOGO DESIGN<\/h6>\t\t\t\t<\/div>\n\t\t\t\t<\/div>\n\t\t\t\t\t<\/div>\n\t\t<\/div>\n\t\t\t\t\t<\/div>\n\t\t<\/section>\n\t\t\t\t<section class=\"elementor-section elementor-top-section elementor-element elementor-element-7d708de elementor-section-stretched elementor-section-boxed elementor-section-height-default elementor-section-height-default\" data-id=\"7d708de\" data-element_type=\"section\" data-e-type=\"section\" data-settings=\"{&quot;stretch_section&quot;:&quot;section-stretched&quot;}\">\n\t\t\t\t\t\t<div class=\"elementor-container elementor-column-gap-custom\">\n\t\t\t\t\t<div class=\"elementor-column elementor-col-50 elementor-top-column elementor-element elementor-element-a7b160d\" data-id=\"a7b160d\" data-element_type=\"column\" data-e-type=\"column\">\n\t\t\t<div class=\"elementor-widget-wrap elementor-element-populated\">\n\t\t\t\t\t\t<div class=\"elementor-element elementor-element-42592f3 elementor-widget elementor-widget-image\" data-id=\"42592f3\" data-element_type=\"widget\" data-e-type=\"widget\" data-widget_type=\"image.default\">\n\t\t\t\t<div class=\"elementor-widget-container\">\n\t\t\t\t\t\t\t\t\t\t\t\t\t\t\t\t<a href=\"https:\/\/cesarrodrigues.com\/en\/portfolio\/siddhi\/\">\n\t\t\t\t\t\t\t<img loading=\"lazy\" decoding=\"async\" width=\"1024\" height=\"679\" src=\"https:\/\/i0.wp.com\/cesarrodrigues.com\/wp-content\/uploads\/2024\/11\/cesar_rodrigues_design_siddhi_cover_web_1.jpg?fit=1024%2C679&amp;ssl=1\" class=\"attachment-large size-large wp-image-4967\" alt=\"cesar_rodrigues_design_siddhi_branding\" srcset=\"https:\/\/i0.wp.com\/cesarrodrigues.com\/wp-content\/uploads\/2024\/11\/cesar_rodrigues_design_siddhi_cover_web_1.jpg?w=1920&amp;ssl=1 1920w, https:\/\/i0.wp.com\/cesarrodrigues.com\/wp-content\/uploads\/2024\/11\/cesar_rodrigues_design_siddhi_cover_web_1.jpg?resize=300%2C199&amp;ssl=1 300w, https:\/\/i0.wp.com\/cesarrodrigues.com\/wp-content\/uploads\/2024\/11\/cesar_rodrigues_design_siddhi_cover_web_1.jpg?resize=1024%2C679&amp;ssl=1 1024w, https:\/\/i0.wp.com\/cesarrodrigues.com\/wp-content\/uploads\/2024\/11\/cesar_rodrigues_design_siddhi_cover_web_1.jpg?resize=768%2C509&amp;ssl=1 768w, https:\/\/i0.wp.com\/cesarrodrigues.com\/wp-content\/uploads\/2024\/11\/cesar_rodrigues_design_siddhi_cover_web_1.jpg?resize=1536%2C1018&amp;ssl=1 1536w, https:\/\/i0.wp.com\/cesarrodrigues.com\/wp-content\/uploads\/2024\/11\/cesar_rodrigues_design_siddhi_cover_web_1.jpg?resize=18%2C12&amp;ssl=1 18w\" sizes=\"auto, (max-width: 1000px) 100vw, 1000px\" \/>\t\t\t\t\t\t\t\t<\/a>\n\t\t\t\t\t\t\t\t\t\t\t\t\t\t\t<\/div>\n\t\t\t\t<\/div>\n\t\t\t\t<div class=\"elementor-element elementor-element-894352d elementor-widget elementor-widget-heading\" data-id=\"894352d\" data-element_type=\"widget\" data-e-type=\"widget\" data-widget_type=\"heading.default\">\n\t\t\t\t<div class=\"elementor-widget-container\">\n\t\t\t\t\t<h3 class=\"elementor-heading-title elementor-size-default\"><a href=\"https:\/\/cesarrodrigues.com\/en\/portfolio\/siddhi\/\">SIDDHI<\/a><\/h3>\t\t\t\t<\/div>\n\t\t\t\t<\/div>\n\t\t\t\t<div class=\"elementor-element elementor-element-6ce6a34 elementor-widget elementor-widget-heading\" data-id=\"6ce6a34\" data-element_type=\"widget\" data-e-type=\"widget\" data-widget_type=\"heading.default\">\n\t\t\t\t<div class=\"elementor-widget-container\">\n\t\t\t\t\t<h6 class=\"elementor-heading-title elementor-size-default\">VISUAL IDENTITY, UX\/UI DESIGN<\/h6>\t\t\t\t<\/div>\n\t\t\t\t<\/div>\n\t\t\t\t\t<\/div>\n\t\t<\/div>\n\t\t\t\t<div class=\"elementor-column elementor-col-50 elementor-top-column elementor-element elementor-element-44e0468\" data-id=\"44e0468\" data-element_type=\"column\" data-e-type=\"column\">\n\t\t\t<div class=\"elementor-widget-wrap elementor-element-populated\">\n\t\t\t\t\t\t<div class=\"elementor-element elementor-element-6e71c1d elementor-widget elementor-widget-image\" data-id=\"6e71c1d\" data-element_type=\"widget\" data-e-type=\"widget\" data-widget_type=\"image.default\">\n\t\t\t\t<div class=\"elementor-widget-container\">\n\t\t\t\t\t\t\t\t\t\t\t\t\t\t\t\t<a href=\"https:\/\/cesarrodrigues.com\/en\/portfolio\/trophic\/\">\n\t\t\t\t\t\t\t<img loading=\"lazy\" decoding=\"async\" width=\"768\" height=\"509\" src=\"https:\/\/i0.wp.com\/cesarrodrigues.com\/wp-content\/uploads\/2025\/04\/cesar_rodrigues_design_trophic_branding_cover_2.jpg?fit=768%2C509&amp;ssl=1\" class=\"attachment-medium_large size-medium_large wp-image-5126\" alt=\"cesar_rodrigues_design_trophic_branding_cover\" srcset=\"https:\/\/i0.wp.com\/cesarrodrigues.com\/wp-content\/uploads\/2025\/04\/cesar_rodrigues_design_trophic_branding_cover_2.jpg?w=1920&amp;ssl=1 1920w, https:\/\/i0.wp.com\/cesarrodrigues.com\/wp-content\/uploads\/2025\/04\/cesar_rodrigues_design_trophic_branding_cover_2.jpg?resize=300%2C199&amp;ssl=1 300w, https:\/\/i0.wp.com\/cesarrodrigues.com\/wp-content\/uploads\/2025\/04\/cesar_rodrigues_design_trophic_branding_cover_2.jpg?resize=1024%2C679&amp;ssl=1 1024w, https:\/\/i0.wp.com\/cesarrodrigues.com\/wp-content\/uploads\/2025\/04\/cesar_rodrigues_design_trophic_branding_cover_2.jpg?resize=768%2C509&amp;ssl=1 768w, https:\/\/i0.wp.com\/cesarrodrigues.com\/wp-content\/uploads\/2025\/04\/cesar_rodrigues_design_trophic_branding_cover_2.jpg?resize=1536%2C1018&amp;ssl=1 1536w, https:\/\/i0.wp.com\/cesarrodrigues.com\/wp-content\/uploads\/2025\/04\/cesar_rodrigues_design_trophic_branding_cover_2.jpg?resize=18%2C12&amp;ssl=1 18w\" sizes=\"auto, (max-width: 768px) 100vw, 768px\" \/>\t\t\t\t\t\t\t\t<\/a>\n\t\t\t\t\t\t\t\t\t\t\t\t\t\t\t<\/div>\n\t\t\t\t<\/div>\n\t\t\t\t<div class=\"elementor-element elementor-element-c7453dd elementor-widget elementor-widget-heading\" data-id=\"c7453dd\" data-element_type=\"widget\" data-e-type=\"widget\" data-widget_type=\"heading.default\">\n\t\t\t\t<div class=\"elementor-widget-container\">\n\t\t\t\t\t<h3 class=\"elementor-heading-title elementor-size-default\"><a href=\"https:\/\/cesarrodrigues.com\/en\/portfolio\/siddhi\/\">TROPHIC<\/a><\/h3>\t\t\t\t<\/div>\n\t\t\t\t<\/div>\n\t\t\t\t<div class=\"elementor-element elementor-element-a449f01 elementor-widget elementor-widget-heading\" data-id=\"a449f01\" data-element_type=\"widget\" data-e-type=\"widget\" data-widget_type=\"heading.default\">\n\t\t\t\t<div class=\"elementor-widget-container\">\n\t\t\t\t\t<h6 class=\"elementor-heading-title elementor-size-default\">VISUAL IDENTITY, UX\/UI DESIGN<\/h6>\t\t\t\t<\/div>\n\t\t\t\t<\/div>\n\t\t\t\t\t<\/div>\n\t\t<\/div>\n\t\t\t\t\t<\/div>\n\t\t<\/section>\n\t\t\t\t<section class=\"elementor-section elementor-top-section elementor-element elementor-element-08e8679 elementor-section-stretched elementor-section-boxed elementor-section-height-default elementor-section-height-default\" data-id=\"08e8679\" data-element_type=\"section\" data-e-type=\"section\" data-settings=\"{&quot;stretch_section&quot;:&quot;section-stretched&quot;}\">\n\t\t\t\t\t\t<div class=\"elementor-container elementor-column-gap-custom\">\n\t\t\t\t\t<div class=\"elementor-column elementor-col-100 elementor-top-column elementor-element elementor-element-f705f95\" data-id=\"f705f95\" data-element_type=\"column\" data-e-type=\"column\">\n\t\t\t<div class=\"elementor-widget-wrap elementor-element-populated\">\n\t\t\t\t\t\t<div class=\"elementor-element elementor-element-c487447 elementor-align-center elementor-widget elementor-widget-button\" data-id=\"c487447\" data-element_type=\"widget\" data-e-type=\"widget\" data-widget_type=\"button.default\">\n\t\t\t\t<div class=\"elementor-widget-container\">\n\t\t\t\t\t\t\t\t\t<div class=\"elementor-button-wrapper\">\n\t\t\t\t\t<a class=\"elementor-button elementor-button-link elementor-size-sm\" href=\"https:\/\/cesarrodrigues.com\/en\/portfolio-design\/\">\n\t\t\t\t\t\t<span class=\"elementor-button-content-wrapper\">\n\t\t\t\t\t\t\t\t\t<span class=\"elementor-button-text\">All Work<\/span>\n\t\t\t\t\t<\/span>\n\t\t\t\t\t<\/a>\n\t\t\t\t<\/div>\n\t\t\t\t\t\t\t\t<\/div>\n\t\t\t\t<\/div>\n\t\t\t\t\t<\/div>\n\t\t<\/div>\n\t\t\t\t\t<\/div>\n\t\t<\/section>\n\t\t\t\t<\/div>","protected":false},"excerpt":{"rendered":"<p>Desenho identidades visuais e experi\u00eancias digitais que reflectem a ess\u00eancia de marcas inovadoras. R\u00c1DIO MACAU TOUR 2026 IDENTIDADE VISUAL, LOGO DESIGN JARDINS DO BOMBARDA IDENTIDADE VISUAL, LOGO DESIGN PROJECTO GLOBAL TITLE DESIGN, GRAFISMOS DE FILME ARCA IDENTIDADE VISUAL, LOGO DESIGN SIDDHI IDENTIDADE VISUAL, UX\/UI DESIGN TROPHIC IDENTIDADE VISUAL, UX\/UI DESIGN Ver Portf\u00f3lio<\/p>","protected":false},"author":1,"featured_media":0,"parent":2963,"menu_order":0,"comment_status":"closed","ping_status":"closed","template":"elementor_header_footer","meta":{"nf_dc_page":"","inline_featured_image":false,"_monsterinsights_skip_tracking":false,"_monsterinsights_sitenote_active":false,"_monsterinsights_sitenote_note":"","_monsterinsights_sitenote_category":0,"footnotes":""},"class_list":["post-2906","page","type-page","status-publish","hentry"],"aioseo_notices":[],"jetpack_sharing_enabled":true,"_links":{"self":[{"href":"https:\/\/cesarrodrigues.com\/en\/wp-json\/wp\/v2\/pages\/2906","targetHints":{"allow":["GET"]}}],"collection":[{"href":"https:\/\/cesarrodrigues.com\/en\/wp-json\/wp\/v2\/pages"}],"about":[{"href":"https:\/\/cesarrodrigues.com\/en\/wp-json\/wp\/v2\/types\/page"}],"author":[{"embeddable":true,"href":"https:\/\/cesarrodrigues.com\/en\/wp-json\/wp\/v2\/users\/1"}],"replies":[{"embeddable":true,"href":"https:\/\/cesarrodrigues.com\/en\/wp-json\/wp\/v2\/comments?post=2906"}],"version-history":[{"count":5,"href":"https:\/\/cesarrodrigues.com\/en\/wp-json\/wp\/v2\/pages\/2906\/revisions"}],"predecessor-version":[{"id":5523,"href":"https:\/\/cesarrodrigues.com\/en\/wp-json\/wp\/v2\/pages\/2906\/revisions\/5523"}],"up":[{"embeddable":true,"href":"https:\/\/cesarrodrigues.com\/en\/wp-json\/wp\/v2\/pages\/2963"}],"wp:attachment":[{"href":"https:\/\/cesarrodrigues.com\/en\/wp-json\/wp\/v2\/media?parent=2906"}],"curies":[{"name":"wp","href":"https:\/\/api.w.org\/{rel}","templated":true}]}}