{"id":2963,"date":"2022-12-13T15:26:41","date_gmt":"2022-12-13T15:26:41","guid":{"rendered":"https:\/\/cesarrodrigues.com\/?page_id=2963"},"modified":"2024-11-18T13:23:58","modified_gmt":"2024-11-18T13:23:58","slug":"sobre","status":"publish","type":"page","link":"https:\/\/cesarrodrigues.com\/en\/sobre\/","title":{"rendered":"Sobre C\u00e9sar Rodrigues"},"content":{"rendered":"<div data-elementor-type=\"wp-page\" data-elementor-id=\"2963\" class=\"elementor elementor-2963\">\n\t\t\t\t\t\t<section class=\"elementor-section elementor-top-section elementor-element elementor-element-eb5d97d elementor-section-boxed elementor-section-height-default elementor-section-height-default\" data-id=\"eb5d97d\" data-element_type=\"section\" data-e-type=\"section\" data-settings=\"{&quot;background_background&quot;:&quot;classic&quot;}\">\n\t\t\t\t\t\t<div class=\"elementor-container elementor-column-gap-default\">\n\t\t\t\t\t<div class=\"elementor-column elementor-col-50 elementor-top-column elementor-element elementor-element-5c8dc52\" data-id=\"5c8dc52\" data-element_type=\"column\" data-e-type=\"column\">\n\t\t\t<div class=\"elementor-widget-wrap elementor-element-populated\">\n\t\t\t\t\t\t<div class=\"elementor-element elementor-element-23b3c93 elementor-widget elementor-widget-heading\" data-id=\"23b3c93\" data-element_type=\"widget\" data-e-type=\"widget\" data-widget_type=\"heading.default\">\n\t\t\t\t<div class=\"elementor-widget-container\">\n\t\t\t\t\t<h1 class=\"elementor-heading-title elementor-size-default\">I am a designer specializing in visual identities and digital experiences across various sectors, with a focus on social and cultural impact projects and communities.<\/h1>\t\t\t\t<\/div>\n\t\t\t\t<\/div>\n\t\t\t\t<div class=\"elementor-element elementor-element-035665d elementor-widget elementor-widget-heading\" data-id=\"035665d\" data-element_type=\"widget\" data-e-type=\"widget\" data-widget_type=\"heading.default\">\n\t\t\t\t<div class=\"elementor-widget-container\">\n\t\t\t\t\t<p class=\"elementor-heading-title elementor-size-default\">Simplicity is the key to solving complex challenges. <br>Through a strategic and collaborative approach, I create unique, functional visual solutions that meet each project\u2019s needs.<\/p>\t\t\t\t<\/div>\n\t\t\t\t<\/div>\n\t\t\t\t\t<\/div>\n\t\t<\/div>\n\t\t\t\t<div class=\"elementor-column elementor-col-50 elementor-top-column elementor-element elementor-element-a64ab9a\" data-id=\"a64ab9a\" data-element_type=\"column\" data-e-type=\"column\">\n\t\t\t<div class=\"elementor-widget-wrap elementor-element-populated\">\n\t\t\t\t\t\t<div class=\"elementor-element elementor-element-4114c81 elementor-widget elementor-widget-image\" data-id=\"4114c81\" data-element_type=\"widget\" data-e-type=\"widget\" data-widget_type=\"image.default\">\n\t\t\t\t<div class=\"elementor-widget-container\">\n\t\t\t\t\t\t\t\t\t\t\t\t\t\t\t<img loading=\"lazy\" decoding=\"async\" width=\"1024\" height=\"1022\" src=\"https:\/\/i0.wp.com\/cesarrodrigues.com\/wp-content\/uploads\/2024\/11\/foto_cesar_pb.jpg?fit=1024%2C1022&amp;ssl=1\" class=\"attachment-large size-large wp-image-4705\" alt=\"cesar rodrigues design foto\" srcset=\"https:\/\/i0.wp.com\/cesarrodrigues.com\/wp-content\/uploads\/2024\/11\/foto_cesar_pb.jpg?w=1200&amp;ssl=1 1200w, https:\/\/i0.wp.com\/cesarrodrigues.com\/wp-content\/uploads\/2024\/11\/foto_cesar_pb.jpg?resize=300%2C300&amp;ssl=1 300w, https:\/\/i0.wp.com\/cesarrodrigues.com\/wp-content\/uploads\/2024\/11\/foto_cesar_pb.jpg?resize=1024%2C1022&amp;ssl=1 1024w, https:\/\/i0.wp.com\/cesarrodrigues.com\/wp-content\/uploads\/2024\/11\/foto_cesar_pb.jpg?resize=150%2C150&amp;ssl=1 150w, https:\/\/i0.wp.com\/cesarrodrigues.com\/wp-content\/uploads\/2024\/11\/foto_cesar_pb.jpg?resize=768%2C767&amp;ssl=1 768w, https:\/\/i0.wp.com\/cesarrodrigues.com\/wp-content\/uploads\/2024\/11\/foto_cesar_pb.jpg?resize=12%2C12&amp;ssl=1 12w\" sizes=\"auto, (max-width: 1000px) 100vw, 1000px\" \/>\t\t\t\t\t\t\t\t\t\t\t\t\t\t\t<\/div>\n\t\t\t\t<\/div>\n\t\t\t\t\t<\/div>\n\t\t<\/div>\n\t\t\t\t\t<\/div>\n\t\t<\/section>\n\t\t\t\t<section class=\"elementor-section elementor-top-section elementor-element elementor-element-b9973ab elementor-section-boxed elementor-section-height-default elementor-section-height-default\" data-id=\"b9973ab\" data-element_type=\"section\" data-e-type=\"section\" data-settings=\"{&quot;background_background&quot;:&quot;classic&quot;}\">\n\t\t\t\t\t\t<div class=\"elementor-container elementor-column-gap-default\">\n\t\t\t\t\t<div class=\"elementor-column elementor-col-100 elementor-top-column elementor-element elementor-element-0324a5f\" data-id=\"0324a5f\" data-element_type=\"column\" data-e-type=\"column\">\n\t\t\t<div class=\"elementor-widget-wrap elementor-element-populated\">\n\t\t\t\t\t\t<div class=\"elementor-element elementor-element-43b3389 elementor-widget-divider--view-line elementor-widget elementor-widget-divider\" data-id=\"43b3389\" data-element_type=\"widget\" data-e-type=\"widget\" data-widget_type=\"divider.default\">\n\t\t\t\t<div class=\"elementor-widget-container\">\n\t\t\t\t\t\t\t<div class=\"elementor-divider\">\n\t\t\t<span class=\"elementor-divider-separator\">\n\t\t\t\t\t\t<\/span>\n\t\t<\/div>\n\t\t\t\t\t\t<\/div>\n\t\t\t\t<\/div>\n\t\t\t\t\t<\/div>\n\t\t<\/div>\n\t\t\t\t\t<\/div>\n\t\t<\/section>\n\t\t\t\t<section class=\"elementor-section elementor-top-section elementor-element elementor-element-657636d elementor-section-boxed elementor-section-height-default elementor-section-height-default\" data-id=\"657636d\" data-element_type=\"section\" data-e-type=\"section\" data-settings=\"{&quot;background_background&quot;:&quot;classic&quot;}\">\n\t\t\t\t\t\t<div class=\"elementor-container elementor-column-gap-default\">\n\t\t\t\t\t<div class=\"elementor-column elementor-col-33 elementor-top-column elementor-element elementor-element-10848ad\" data-id=\"10848ad\" data-element_type=\"column\" data-e-type=\"column\">\n\t\t\t<div class=\"elementor-widget-wrap elementor-element-populated\">\n\t\t\t\t\t\t<div class=\"elementor-element elementor-element-9847628 elementor-widget elementor-widget-heading\" data-id=\"9847628\" data-element_type=\"widget\" data-e-type=\"widget\" data-widget_type=\"heading.default\">\n\t\t\t\t<div class=\"elementor-widget-container\">\n\t\t\t\t\t<h2 class=\"elementor-heading-title elementor-size-default\">Contacts<\/h2>\t\t\t\t<\/div>\n\t\t\t\t<\/div>\n\t\t\t\t<div class=\"elementor-element elementor-element-c6f8ff8 elementor-widget elementor-widget-text-editor\" data-id=\"c6f8ff8\" data-element_type=\"widget\" data-e-type=\"widget\" data-widget_type=\"text-editor.default\">\n\t\t\t\t<div class=\"elementor-widget-container\">\n\t\t\t\t\t\t\t\t\t<a href=\"mailto:cesar@cesarrodrigues.com\">cesar@cesarrodrigues.com<\/a> <br>\n<a href=\"https:\/\/www.instagram.com\/_cesar_rodrigues_\" target=\"_blank\" rel=\"noopener\">Instagram<\/a><br>\n<a href=\"https:\/\/www.linkedin.com\/in\/cesarrodriguesdesign\" target=\"_blank\" rel=\"noopener\">LinkedIn<\/a>\t\t\t\t\t\t\t\t<\/div>\n\t\t\t\t<\/div>\n\t\t\t\t\t<\/div>\n\t\t<\/div>\n\t\t\t\t<div class=\"elementor-column elementor-col-33 elementor-top-column elementor-element elementor-element-676da9a\" data-id=\"676da9a\" data-element_type=\"column\" data-e-type=\"column\">\n\t\t\t<div class=\"elementor-widget-wrap elementor-element-populated\">\n\t\t\t\t\t\t<div class=\"elementor-element elementor-element-c149f3e elementor-widget elementor-widget-heading\" data-id=\"c149f3e\" data-element_type=\"widget\" data-e-type=\"widget\" data-widget_type=\"heading.default\">\n\t\t\t\t<div class=\"elementor-widget-container\">\n\t\t\t\t\t<h2 class=\"elementor-heading-title elementor-size-default\">Services<\/h2>\t\t\t\t<\/div>\n\t\t\t\t<\/div>\n\t\t\t\t<div class=\"elementor-element elementor-element-1553b77 elementor-widget elementor-widget-text-editor\" data-id=\"1553b77\" data-element_type=\"widget\" data-e-type=\"widget\" data-widget_type=\"text-editor.default\">\n\t\t\t\t<div class=\"elementor-widget-container\">\n\t\t\t\t\t\t\t\t\tVisual identities <br> User-interface design (UX\/UI) <br> Editorial design <br> Digital design\t\t\t\t\t\t\t\t<\/div>\n\t\t\t\t<\/div>\n\t\t\t\t\t<\/div>\n\t\t<\/div>\n\t\t\t\t<div class=\"elementor-column elementor-col-33 elementor-top-column elementor-element elementor-element-5bffe2a\" data-id=\"5bffe2a\" data-element_type=\"column\" data-e-type=\"column\">\n\t\t\t<div class=\"elementor-widget-wrap elementor-element-populated\">\n\t\t\t\t\t\t<div class=\"elementor-element elementor-element-d0f6852 elementor-widget elementor-widget-heading\" data-id=\"d0f6852\" data-element_type=\"widget\" data-e-type=\"widget\" data-widget_type=\"heading.default\">\n\t\t\t\t<div class=\"elementor-widget-container\">\n\t\t\t\t\t<h2 class=\"elementor-heading-title elementor-size-default\">Collaborations (selection)<\/h2>\t\t\t\t<\/div>\n\t\t\t\t<\/div>\n\t\t\t\t<div class=\"elementor-element elementor-element-c01d2b6 elementor-widget elementor-widget-text-editor\" data-id=\"c01d2b6\" data-element_type=\"widget\" data-e-type=\"widget\" data-widget_type=\"text-editor.default\">\n\t\t\t\t<div class=\"elementor-widget-container\">\n\t\t\t\t\t\t\t\t\t<p>3Decide <br \/>Ajudaris <br \/>Amnistia Internacional \u2013 Portugal<br \/>Arquip\u00e9lago Filmes <br \/>BeTimber <br \/>Ch\u00e3o de Oliva \u2013 Centro de Difus\u00e3o Cultural <br \/>GT Assembleias de Cidad\u00e3os <br \/>Jardins do Bombarda<br \/>Leigos para o Desenvolvimento<br \/>TargX<br \/>UNICEF \u2013 Portugal<br \/>Universidade do Porto<\/p>\t\t\t\t\t\t\t\t<\/div>\n\t\t\t\t<\/div>\n\t\t\t\t\t<\/div>\n\t\t<\/div>\n\t\t\t\t\t<\/div>\n\t\t<\/section>\n\t\t\t\t<\/div>","protected":false},"excerpt":{"rendered":"<p>Sou um designer especializado em identidades visuais e experi\u00eancias digitais para diversos sectores, com foco em projectos e comunidades de impacto social e cultural. A simplicidade \u00e9 a chave para resolver desafios complexos. Com uma abordagem estrat\u00e9gica e colaborativa, crio solu\u00e7\u00f5es visuais \u00fanicas e funcionais que respondem \u00e0s necessidades de cada projecto. Contactos cesar@cesarrodrigues.com Instagram [&hellip;]<\/p>\n","protected":false},"author":1,"featured_media":0,"parent":0,"menu_order":0,"comment_status":"closed","ping_status":"closed","template":"elementor_header_footer","meta":{"nf_dc_page":"","inline_featured_image":false,"_monsterinsights_skip_tracking":false,"_monsterinsights_sitenote_active":false,"_monsterinsights_sitenote_note":"","_monsterinsights_sitenote_category":0,"footnotes":""},"class_list":["post-2963","page","type-page","status-publish","hentry"],"aioseo_notices":[],"jetpack_sharing_enabled":true,"_links":{"self":[{"href":"https:\/\/cesarrodrigues.com\/en\/wp-json\/wp\/v2\/pages\/2963","targetHints":{"allow":["GET"]}}],"collection":[{"href":"https:\/\/cesarrodrigues.com\/en\/wp-json\/wp\/v2\/pages"}],"about":[{"href":"https:\/\/cesarrodrigues.com\/en\/wp-json\/wp\/v2\/types\/page"}],"author":[{"embeddable":true,"href":"https:\/\/cesarrodrigues.com\/en\/wp-json\/wp\/v2\/users\/1"}],"replies":[{"embeddable":true,"href":"https:\/\/cesarrodrigues.com\/en\/wp-json\/wp\/v2\/comments?post=2963"}],"version-history":[{"count":6,"href":"https:\/\/cesarrodrigues.com\/en\/wp-json\/wp\/v2\/pages\/2963\/revisions"}],"predecessor-version":[{"id":4762,"href":"https:\/\/cesarrodrigues.com\/en\/wp-json\/wp\/v2\/pages\/2963\/revisions\/4762"}],"wp:attachment":[{"href":"https:\/\/cesarrodrigues.com\/en\/wp-json\/wp\/v2\/media?parent=2963"}],"curies":[{"name":"wp","href":"https:\/\/api.w.org\/{rel}","templated":true}]}}